{"id":1841,"date":"2022-10-12T15:41:41","date_gmt":"2022-10-12T15:41:41","guid":{"rendered":"https:\/\/www.thefutureisneutral.com\/?page_id=1841"},"modified":"2025-11-21T15:03:12","modified_gmt":"2025-11-21T15:03:12","slug":"vos-donnees-personnelles","status":"publish","type":"page","link":"https:\/\/www.thefutureisneutral.com\/fr\/vos-donnees-personnelles\/","title":{"rendered":"Vos donn\u00e9es personnelles"},"content":{"rendered":"\n\n<div id=\"cp-wysiwyg-block_2cf2ca322691a3f3f8739b17952f4a6d\" class=\"cp-wysiwyg\" data-scroll-section>\n    <div class=\"max-w cp-inner d-flex\">\n        <div class=\"col-12 col-lg-10 offset-lg-1\">\n\n                            <h1>Vos donn\u00e9es personnelles<\/h1>\n<h2><strong>Qui sont les responsables de traitement de vos donn\u00e9es personnelles ?<\/strong><\/h2>\n<p>Vos donn\u00e9es personnelles sont trait\u00e9es par la soci\u00e9t\u00e9 THE FUTURE IS NEUTRAL, en sa qualit\u00e9 de responsable de traitement.<\/p>\n<p>La soci\u00e9t\u00e9 THE FUTURE IS NEUTRAL est situ\u00e9e en France, 122 &#8211; 122 bis Avenue du G\u00e9n\u00e9ral Leclerc 92100 Boulogne-Billancourt.<\/p>\n<h2><strong>Pour quoi vos donn\u00e9es personnelles sont-elles utilis\u00e9es ?<\/strong><\/h2>\n<p>Nous collectons vos donn\u00e9es personnelles lorsque vous remplissez un formulaire sur notre site, vous prenez contact avec nous par email ou tout autre moyen.<\/p>\n<p><strong>Nous utilisons vos donn\u00e9es personnelles afin de\u00a0:<\/strong><\/p>\n<table>\n<tbody>\n<tr>\n<td><strong>Finalit\u00e9s<\/strong><\/td>\n<td><strong>Fondement juridique<\/strong><\/td>\n<\/tr>\n<tr>\n<td><em>Vous envoyez, \u00e0 votre demande, des newsletters, des communiqu\u00e9s de presse et des invitations \u00e0 des \u00e9v\u00e8nements<\/em><\/td>\n<td>Ce traitement est fond\u00e9 sur votre consentement<\/td>\n<\/tr>\n<tr>\n<td>Assurer un suivi de nos activit\u00e9s (reporting)<\/td>\n<td>Ce traitement est fond\u00e9 sur notre int\u00e9r\u00eat l\u00e9gitime (mesurer la performance de notre activit\u00e9)<\/td>\n<\/tr>\n<\/tbody>\n<\/table>\n<p>&nbsp;<\/p>\n<p>De mani\u00e8re g\u00e9n\u00e9rale, nous nous engageons \u00e0 collecter uniquement les donn\u00e9es personnelles qui sont n\u00e9cessaires \u00e0 chacune des finalit\u00e9s pour lesquels nous traitons vos donn\u00e9es.<\/p>\n<p>A ce titre, le caract\u00e8re obligatoire des r\u00e9ponses est indiqu\u00e9 dans les formulaires de collecte. Si vous ne souhaitez pas fournir les donn\u00e9es obligatoires, nous ne pourrons pas traiter votre demande.<\/p>\n<h2><strong>Combien de temps sont conserv\u00e9es vos donn\u00e9es ?<\/strong><\/h2>\n<p>Conform\u00e9ment \u00e0 la r\u00e9glementation, nous nous engageons \u00e0 ne conserver vos donn\u00e9es personnelles que pour la dur\u00e9e n\u00e9cessaire \u00e0 l\u2019accomplissement des finalit\u00e9s.<\/p>\n<p>Afin de calculer ces dur\u00e9es de conservation, nous nous appuyons notamment sur les crit\u00e8res suivants\u00a0:<\/p>\n<ul>\n<li>Le temps n\u00e9cessaire pour traiter votre demande ou votre r\u00e9clamation,<\/li>\n<li>Nos obligations l\u00e9gales ou r\u00e9glementaires.<\/li>\n<\/ul>\n<h2><strong>Qui a acc\u00e8s \u00e0 vos donn\u00e9es ?<\/strong><\/h2>\n<p>Nous pouvons \u00eatre amen\u00e9s \u00e0 partager vos donn\u00e9es personnelles quand nous nous appuyons sur des partenaires et prestataires, afin de traiter tout ou partie de vos donn\u00e9es personnelles, dans la limite n\u00e9cessaire \u00e0 l\u2019accomplissement des t\u00e2ches qui leur sont confi\u00e9es (par exemple, pour l\u2019h\u00e9bergement de notre site internet ou application mobile, pour la fourniture de services li\u00e9s \u00e0 l\u2019exploitation ou la maintenance du site internet.<\/p>\n<p>Dans la mesure du possible, vos donn\u00e9es sont h\u00e9berg\u00e9es sur des serveurs situ\u00e9s dans l\u2019Espace Economique Europ\u00e9en (EEE). Toutefois, certains de nos prestataires de service \u00e9tant situ\u00e9s dans des pays en dehors de l\u2019EEE, vos donn\u00e9es personnelles sont trait\u00e9es dans ces pays. Certains de ces pays peuvent avoir une r\u00e8glementation diff\u00e9rente sur les donn\u00e9es personnelles de celle de l\u2019Union Europ\u00e9enne. Dans un tel cas, nous apportons une attention particuli\u00e8re \u00e0 ce que ce transfert soit effectu\u00e9 en conformit\u00e9 avec la r\u00e8glementation applicable et mettons en place des garanties assurant un niveau de protection de votre vie priv\u00e9e et de vos droits fondamentaux \u00e9quivalent \u00e0 celui offert par l\u2019Union Europ\u00e9enne (notamment par l\u2019utilisation des Clauses Contractuelles Types de la Commission europ\u00e9enne). Sur simple demande formul\u00e9e \u00e0 l\u2019adresse mentionn\u00e9e dans la rubrique \u00ab\u00a0Quels sont vos droits\u00a0\u00bb, nous pouvons vous fournir davantage d\u2019informations sur ces transferts (notamment les clauses contractuelles types de la Commission Europ\u00e9enne).<\/p>\n<p>Enfin, nous pouvons \u00eatre amen\u00e9s \u00e0 communiquer vos donn\u00e9es personnelles \u00e0 des tiers afin de nous conformer \u00e0 toute obligation l\u00e9gale ou d\u00e9cision administrative ou de justice.<\/p>\n<h2><strong>Vos droits<\/strong><\/h2>\n<p>Vous b\u00e9n\u00e9ficiez de plusieurs droits concernant le traitement de vos donn\u00e9es personnelles :<\/p>\n<ul>\n<li>Un droit d\u2019acc\u00e8s\u00a0\u00e0 vos donn\u00e9es personnelles, c\u2019est-\u00e0-dire le droit d\u2019en recevoir une copie,<\/li>\n<li>Un droit de\u00a0rectification, si vos donn\u00e9es s\u2019av\u00e9raient erron\u00e9es ou p\u00e9rim\u00e9es, ce qui nous permettra de nous conformer \u00e0 notre obligation d\u2019avoir des donn\u00e9es \u00e0 jour vous concernant,<\/li>\n<li>Un droit \u00e0 l\u2019effacement\u00a0(ou droit \u00e0 l\u2019oubli) de vos donn\u00e9es personnelles, lequel peut \u00eatre limit\u00e9 au regard de nos obligations contractuelles ou l\u00e9gales,<\/li>\n<li>Un droit \u00e0 la\u00a0portabilit\u00e9\u00a0de vos donn\u00e9es, c\u2019est-\u00e0-dire le droit de recevoir les donn\u00e9es personnelles que nous vous avez fournies, dans un format informatique structur\u00e9, couramment utilis\u00e9, et de les transmettre \u00e0 tout autre responsable de traitement,<\/li>\n<li>Un droit d\u2019opposition, sous r\u00e9serve de justifier de raisons tenant \u00e0 votre situation particuli\u00e8re, et un droit de demander la\u00a0limitation\u00a0du traitement de vos donn\u00e9es personnelles, dans certains cas pr\u00e9vus par la r\u00e9glementation,<\/li>\n<li>Un droit de\u00a0retirer votre consentement\u00a0\u00e0 tout moment, pour les finalit\u00e9s pour lesquelles nous avons collect\u00e9 votre consentement.<\/li>\n<\/ul>\n<p>Vous avez \u00e9galement la possibilit\u00e9 de d\u00e9finir des directives soit g\u00e9n\u00e9rales soit particuli\u00e8res \u00e0 l\u2019\u00e9gard de certains traitements, pour la conservation, l\u2019effacement et la communication de vos Donn\u00e9es personnelles en cas de d\u00e9c\u00e8s. Vous pouvez modifier ou supprimer ces directives \u00e0 tout moment. Vous pouvez nous faire part de ces directives particuli\u00e8res, en \u00e9crivant \u00e0 l\u2019adresse ci-dessus mentionn\u00e9.<\/p>\n<p>Pour exercer n\u2019importe lequel de vos droits, vous pouvez nous contacter, en justifiant de votre identit\u00e9, par email\u00a0dataprivacy@thefutureisneutral.com ou par courrier postal \u00e0 l\u2019adresse The Future Is NEUTRAL Direction des Ressources Humaines 122 &#8211; 122 bis Avenue du G\u00e9n\u00e9ral Leclerc 92100 Boulogne-Billancourt<\/p>\n<p>Enfin, vous disposez du droit d\u2019introduire une r\u00e9clamation aupr\u00e8s de la CNIL au sujet du traitement de vos donn\u00e9es personnelles. Nous vous encourageons \u00e0 prendre contact avec nous avant toute r\u00e9clamation, pour que nous essayons de r\u00e9soudre votre probl\u00e8me ensemble.<\/p>\n                    <\/div>\n\n    <\/div>\n<\/div>\n","protected":false},"excerpt":{"rendered":"","protected":false},"author":4,"featured_media":0,"parent":0,"menu_order":0,"comment_status":"closed","ping_status":"closed","template":"","meta":{"_acf_changed":false,"footnotes":""},"class_list":["post-1841","page","type-page","status-publish","hentry"],"acf":[],"yoast_head":"<!-- This site is optimized with the Yoast SEO plugin v21.8 - https:\/\/yoast.com\/wordpress\/plugins\/seo\/ -->\n<title>Vos donn\u00e9es personnelles - The Future Is NEUTRAL<\/title>\n<meta name=\"description\" content=\"Cette rubrique est consacr\u00e9e \u00e0 l&#039;utilisation de vos donn\u00e9es personnelles.\" \/>\n<meta name=\"robots\" content=\"noindex, nofollow\" \/>\n<meta property=\"og:locale\" content=\"fr_FR\" \/>\n<meta property=\"og:type\" content=\"article\" \/>\n<meta property=\"og:title\" content=\"Vos donn\u00e9es personnelles - The Future Is NEUTRAL\" \/>\n<meta property=\"og:description\" content=\"Cette rubrique est consacr\u00e9e \u00e0 l&#039;utilisation de vos donn\u00e9es personnelles.\" \/>\n<meta property=\"og:url\" content=\"https:\/\/www.thefutureisneutral.com\/fr\/vos-donnees-personnelles\/\" \/>\n<meta property=\"og:site_name\" content=\"The Future Is Neutral\" \/>\n<meta property=\"article:modified_time\" content=\"2025-11-21T15:03:12+00:00\" \/>\n<meta name=\"twitter:card\" content=\"summary_large_image\" \/>\n<script type=\"application\/ld+json\" class=\"yoast-schema-graph\">{\"@context\":\"https:\/\/schema.org\",\"@graph\":[{\"@type\":\"WebPage\",\"@id\":\"https:\/\/www.thefutureisneutral.com\/fr\/vos-donnees-personnelles\/\",\"url\":\"https:\/\/www.thefutureisneutral.com\/fr\/vos-donnees-personnelles\/\",\"name\":\"Vos donn\u00e9es personnelles - The Future Is NEUTRAL\",\"isPartOf\":{\"@id\":\"https:\/\/www.thefutureisneutral.com\/fr\/#website\"},\"datePublished\":\"2022-10-12T15:41:41+00:00\",\"dateModified\":\"2025-11-21T15:03:12+00:00\",\"description\":\"Cette rubrique est consacr\u00e9e \u00e0 l'utilisation de vos donn\u00e9es personnelles.\",\"breadcrumb\":{\"@id\":\"https:\/\/www.thefutureisneutral.com\/fr\/vos-donnees-personnelles\/#breadcrumb\"},\"inLanguage\":\"fr-FR\",\"potentialAction\":[{\"@type\":\"ReadAction\",\"target\":[\"https:\/\/www.thefutureisneutral.com\/fr\/vos-donnees-personnelles\/\"]}]},{\"@type\":\"BreadcrumbList\",\"@id\":\"https:\/\/www.thefutureisneutral.com\/fr\/vos-donnees-personnelles\/#breadcrumb\",\"itemListElement\":[{\"@type\":\"ListItem\",\"position\":1,\"name\":\"Home\",\"item\":\"https:\/\/www.thefutureisneutral.com\/fr\/home-page\/\"},{\"@type\":\"ListItem\",\"position\":2,\"name\":\"Vos donn\u00e9es personnelles\"}]},{\"@type\":\"WebSite\",\"@id\":\"https:\/\/www.thefutureisneutral.com\/fr\/#website\",\"url\":\"https:\/\/www.thefutureisneutral.com\/fr\/\",\"name\":\"The Future Is Neutral\",\"description\":\"\",\"publisher\":{\"@id\":\"https:\/\/www.thefutureisneutral.com\/fr\/#organization\"},\"potentialAction\":[{\"@type\":\"SearchAction\",\"target\":{\"@type\":\"EntryPoint\",\"urlTemplate\":\"https:\/\/www.thefutureisneutral.com\/fr\/?s={search_term_string}\"},\"query-input\":\"required name=search_term_string\"}],\"inLanguage\":\"fr-FR\"},{\"@type\":\"Organization\",\"@id\":\"https:\/\/www.thefutureisneutral.com\/fr\/#organization\",\"name\":\"The Future Is Neutral\",\"url\":\"https:\/\/www.thefutureisneutral.com\/fr\/\",\"logo\":{\"@type\":\"ImageObject\",\"inLanguage\":\"fr-FR\",\"@id\":\"https:\/\/www.thefutureisneutral.com\/fr\/#\/schema\/logo\/image\/\",\"url\":\"https:\/\/www.thefutureisneutral.com\/app\/uploads\/2024\/02\/0fcf8d27fb4aa2a16ac64c8989c3b9a2-l.jpg.webp\",\"contentUrl\":\"https:\/\/www.thefutureisneutral.com\/app\/uploads\/2024\/02\/0fcf8d27fb4aa2a16ac64c8989c3b9a2-l.jpg.webp\",\"width\":2000,\"height\":1125,\"caption\":\"The Future Is Neutral\"},\"image\":{\"@id\":\"https:\/\/www.thefutureisneutral.com\/fr\/#\/schema\/logo\/image\/\"},\"sameAs\":[\"https:\/\/www.linkedin.com\/company\/the-future-is-neutral\/\",\"https:\/\/www.youtube.com\/channel\/UCM7Q2CTHTbycgNXfxJjky0g\"]}]}<\/script>\n<!-- \/ Yoast SEO plugin. -->","yoast_head_json":{"title":"Vos donn\u00e9es personnelles - The Future Is NEUTRAL","description":"Cette rubrique est consacr\u00e9e \u00e0 l'utilisation de vos donn\u00e9es personnelles.","robots":{"index":"noindex","follow":"nofollow"},"og_locale":"fr_FR","og_type":"article","og_title":"Vos donn\u00e9es personnelles - The Future Is NEUTRAL","og_description":"Cette rubrique est consacr\u00e9e \u00e0 l'utilisation de vos donn\u00e9es personnelles.","og_url":"https:\/\/www.thefutureisneutral.com\/fr\/vos-donnees-personnelles\/","og_site_name":"The Future Is Neutral","article_modified_time":"2025-11-21T15:03:12+00:00","twitter_card":"summary_large_image","schema":{"@context":"https:\/\/schema.org","@graph":[{"@type":"WebPage","@id":"https:\/\/www.thefutureisneutral.com\/fr\/vos-donnees-personnelles\/","url":"https:\/\/www.thefutureisneutral.com\/fr\/vos-donnees-personnelles\/","name":"Vos donn\u00e9es personnelles - The Future Is NEUTRAL","isPartOf":{"@id":"https:\/\/www.thefutureisneutral.com\/fr\/#website"},"datePublished":"2022-10-12T15:41:41+00:00","dateModified":"2025-11-21T15:03:12+00:00","description":"Cette rubrique est consacr\u00e9e \u00e0 l'utilisation de vos donn\u00e9es personnelles.","breadcrumb":{"@id":"https:\/\/www.thefutureisneutral.com\/fr\/vos-donnees-personnelles\/#breadcrumb"},"inLanguage":"fr-FR","potentialAction":[{"@type":"ReadAction","target":["https:\/\/www.thefutureisneutral.com\/fr\/vos-donnees-personnelles\/"]}]},{"@type":"BreadcrumbList","@id":"https:\/\/www.thefutureisneutral.com\/fr\/vos-donnees-personnelles\/#breadcrumb","itemListElement":[{"@type":"ListItem","position":1,"name":"Home","item":"https:\/\/www.thefutureisneutral.com\/fr\/home-page\/"},{"@type":"ListItem","position":2,"name":"Vos donn\u00e9es personnelles"}]},{"@type":"WebSite","@id":"https:\/\/www.thefutureisneutral.com\/fr\/#website","url":"https:\/\/www.thefutureisneutral.com\/fr\/","name":"The Future Is Neutral","description":"","publisher":{"@id":"https:\/\/www.thefutureisneutral.com\/fr\/#organization"},"potentialAction":[{"@type":"SearchAction","target":{"@type":"EntryPoint","urlTemplate":"https:\/\/www.thefutureisneutral.com\/fr\/?s={search_term_string}"},"query-input":"required name=search_term_string"}],"inLanguage":"fr-FR"},{"@type":"Organization","@id":"https:\/\/www.thefutureisneutral.com\/fr\/#organization","name":"The Future Is Neutral","url":"https:\/\/www.thefutureisneutral.com\/fr\/","logo":{"@type":"ImageObject","inLanguage":"fr-FR","@id":"https:\/\/www.thefutureisneutral.com\/fr\/#\/schema\/logo\/image\/","url":"https:\/\/www.thefutureisneutral.com\/app\/uploads\/2024\/02\/0fcf8d27fb4aa2a16ac64c8989c3b9a2-l.jpg.webp","contentUrl":"https:\/\/www.thefutureisneutral.com\/app\/uploads\/2024\/02\/0fcf8d27fb4aa2a16ac64c8989c3b9a2-l.jpg.webp","width":2000,"height":1125,"caption":"The Future Is Neutral"},"image":{"@id":"https:\/\/www.thefutureisneutral.com\/fr\/#\/schema\/logo\/image\/"},"sameAs":["https:\/\/www.linkedin.com\/company\/the-future-is-neutral\/","https:\/\/www.youtube.com\/channel\/UCM7Q2CTHTbycgNXfxJjky0g"]}]}},"_links":{"self":[{"href":"https:\/\/www.thefutureisneutral.com\/fr\/wp-json\/wp\/v2\/pages\/1841","targetHints":{"allow":["GET"]}}],"collection":[{"href":"https:\/\/www.thefutureisneutral.com\/fr\/wp-json\/wp\/v2\/pages"}],"about":[{"href":"https:\/\/www.thefutureisneutral.com\/fr\/wp-json\/wp\/v2\/types\/page"}],"author":[{"embeddable":true,"href":"https:\/\/www.thefutureisneutral.com\/fr\/wp-json\/wp\/v2\/users\/4"}],"replies":[{"embeddable":true,"href":"https:\/\/www.thefutureisneutral.com\/fr\/wp-json\/wp\/v2\/comments?post=1841"}],"version-history":[{"count":14,"href":"https:\/\/www.thefutureisneutral.com\/fr\/wp-json\/wp\/v2\/pages\/1841\/revisions"}],"predecessor-version":[{"id":3906,"href":"https:\/\/www.thefutureisneutral.com\/fr\/wp-json\/wp\/v2\/pages\/1841\/revisions\/3906"}],"wp:attachment":[{"href":"https:\/\/www.thefutureisneutral.com\/fr\/wp-json\/wp\/v2\/media?parent=1841"}],"curies":[{"name":"wp","href":"https:\/\/api.w.org\/{rel}","templated":true}]}}