{"id":4597,"date":"2026-01-12T14:42:25","date_gmt":"2026-01-12T14:42:25","guid":{"rendered":"https:\/\/www.thefutureisneutral.com\/?page_id=4597"},"modified":"2026-02-27T09:21:19","modified_gmt":"2026-02-27T09:21:19","slug":"toutes-nos-entites","status":"publish","type":"page","link":"https:\/\/www.thefutureisneutral.com\/fr\/toutes-nos-entites\/","title":{"rendered":"Toutes nos entit\u00e9s"},"content":{"rendered":"\n<div class=\"cp-hero-banner-page max-w white-theme  \" data-scroll-section>\n            <div class=\"img-bg d-flex\">\n            <img decoding=\"async\"\n                alt=\"\"\n                src=\"https:\/\/www.thefutureisneutral.com\/app\/uploads\/2026\/01\/2-gaiav2-e1767777018821.webp\"\n                srcset=\"https:\/\/www.thefutureisneutral.com\/app\/uploads\/2026\/01\/2-gaiav2-e1767777018821.webp 690w,\n                        https:\/\/www.thefutureisneutral.com\/app\/uploads\/2026\/01\/2-gaiav2-e1767777018821.webp\"\n                sizes=\"(max-width: 690px) 690px,\n                    100vw\"\n            \/>\n        <\/div>\n                        <div class=\"content\">\n                <h1 class=\"uppercase anybody-c c-white title\">\n                                            <p data-scroll data-scroll-speed=\"-1\" class=\"d-block\"><span>Toutes nos entit\u00e9s<\/span><\/p>\n                                                        <\/h1>\n            <\/div>\n                            <div class=\"contain-block\">\n                <div class=\"container-text bg-black-light w-700 txt-24\">\n                    <p>The Future\u00a0is\u00a0NEUTRAL s\u2019appuie sur l\u2019expertise compl\u00e9mentaire de ses filiales pour couvrir toute la cha\u00eene de valeur de l\u2019\u00e9conomie circulaire automobile.<\/p>\n                <\/div>\n            <\/div>\n            <\/div>\n\n\n\n\n\n\n<div id=\"cp-wysiwyg-block_811408a26a298b60a11209590c066a0d\" class=\"cp-wysiwyg\" data-scroll-section>\n    <div class=\"max-w cp-inner d-flex\">\n        <div class=\"col-12 col-lg-10 offset-lg-1\">\n\n                            <h2>INDRA AUTOMOBILE RECYCLING<\/h2>\n<p><span data-contrast=\"auto\">INDRA\u00a0est un\u00a0acteur industriel majeur du traitement et de la valorisation des v\u00e9hicules hors d\u2019usage (VHU).\u202f\u202fP<\/span><span data-contrast=\"auto\">remier r\u00e9seau fran\u00e7ais de centres de d\u00e9construction<\/span><span data-contrast=\"auto\">, INDRA\u00a0traite plus de 400 000 v\u00e9hicules par an permettant de\u00a0couvrir\u00a0les\u00a0besoins croissants du march\u00e9 des Pi\u00e8ces Issues de l\u2019Economie Circulaire (PIEC) et\u00a0de\u00a0mati\u00e8res \u00e0\u00a0recycler.<\/span><span data-ccp-props=\"{&quot;134233117&quot;:false,&quot;134233118&quot;:false,&quot;201341983&quot;:0,&quot;335559738&quot;:0,&quot;335559739&quot;:160,&quot;335559740&quot;:240}\">\u00a0<\/span><\/p>\n<p><span style=\"color: #000000;\"><a class=\"btn-nav anybody-sc txt-16 w-600 uppercase\" style=\"color: #000000;\" href=\"https:\/\/www.thefutureisneutral.com\/fr\/nos-entites\/indra-automobile-recycling\/\">En savoir plus<\/a><\/span><\/p>\n<p><span data-ccp-props=\"{&quot;201341983&quot;:0,&quot;335559740&quot;:240}\">\u00a0<\/span><\/p>\n<h2>THE REMAKERS<\/h2>\n<p><span data-contrast=\"auto\">THE\u00a0REMAKERS est\u00a0pionnier du remanufacturing de pi\u00e8ces automobiles, pour\u00a0les\u00a0v\u00e9hicules thermiques, hybrides et \u00e9lectriques.<\/span><span data-contrast=\"auto\">\u00a0Avec\u00a011 000 r\u00e9f\u00e9rences de qualit\u00e9 \u00e9quivalente au neuf,\u00a0leur solution est\u00a0en moyenne 30 % plus \u00e9conomique pour le client et plus respectueuse de l\u2019environnement.\u00a0<\/span><span data-ccp-props=\"{&quot;201341983&quot;:0,&quot;335559739&quot;:0,&quot;335559740&quot;:240}\">\u00a0<\/span><\/p>\n<p><span style=\"color: #000000;\"><a class=\"btn-nav anybody-sc txt-16 w-600 uppercase\" style=\"color: #000000;\" href=\"https:\/\/www.thefutureisneutral.com\/fr\/nos-entites\/the-remakers\/\">En savoir plus<\/a><\/span><\/p>\n<p>&nbsp;<\/p>\n<h2>GAIA<\/h2>\n<p><span data-contrast=\"auto\">GAIA\u00a0d\u00e9veloppe des\u00a0solutions sur mesure pour\u00a0<\/span><span data-contrast=\"auto\">intervenir sur diff\u00e9rents niveaux la cha\u00eene de l\u2019\u00e9conomie circulaire automobile. Ces activit\u00e9s incluent le recyclage de mati\u00e8res automobiles en boucles ferm\u00e9es, la revalorisation de pi\u00e8ces, la gestion des flottes de v\u00e9hicules en fin de vie et le reconditionnement des batteries de traction. <\/span><\/p>\n<p><span style=\"color: #000000;\"><a class=\"btn-nav anybody-sc txt-16 w-600 uppercase\" style=\"color: #000000;\" href=\"https:\/\/www.thefutureisneutral.com\/fr\/nos-entites\/gaia\/\">En savoir plus<\/a><\/span><\/p>\n<p><span data-ccp-props=\"{&quot;201341983&quot;:0,&quot;335559740&quot;:240}\">\u00a0<\/span><\/p>\n<h2>BOONE COMENOR METALIMPEX<\/h2>\n<p><span data-contrast=\"auto\">Pr\u00e9sent sur quatre continents, avec 15 filiales et 47 sites en Europe,\u00a0METALIMPEX\u00a0est sp\u00e9cialis\u00e9e dans la collecte, le tri et la valorisation des d\u00e9chets m\u00e9talliques pour le secteur industriel, au service de l\u2019automobile, du ferroviaire, de l\u2019a\u00e9rospatial, des fonderies et des sid\u00e9rurgistes.<\/span><span data-ccp-props=\"{&quot;201341983&quot;:0,&quot;335559740&quot;:240}\">\u00a0<\/span><\/p>\n<p><span style=\"color: #000000;\"><a class=\"btn-nav anybody-sc txt-16 w-600 uppercase\" style=\"color: #000000;\" href=\"https:\/\/www.thefutureisneutral.com\/fr\/nos-entites\/boone-comenor-metalimpex\/\">En savoir plus<\/a><\/span><\/p>\n<p>&nbsp;<\/p>\n<h2>POLLINI GROUP<\/h2>\n<p>POLLINI Group est sp\u00e9cialis\u00e9 dans le recyclage des v\u00e9hicules hors d\u2019usage, maximisant la r\u00e9cup\u00e9ration des composants et des mat\u00e9riaux gr\u00e2ce aux technologies les plus avanc\u00e9es disponibles sur le march\u00e9.<\/p>\n<p><span style=\"color: #000000;\"><a class=\"btn-nav anybody-sc txt-16 w-600 uppercase\" style=\"color: #000000;\" href=\"https:\/\/www.thefutureisneutral.com\/fr\/nos-entites\/pollini-group\/\">En savoir plus<\/a><\/span><\/p>\n<p>&nbsp;<\/p>\n<h2><span class=\"TextRun SCXW126891414 BCX0\" lang=\"FR-FR\" xml:lang=\"FR-FR\" data-contrast=\"auto\"><span class=\"NormalTextRun SCXW126891414 BCX0\">NEUTRAL CONSULTING<\/span><\/span><\/h2>\n<p><span class=\"TextRun SCXW25624849 BCX0\" lang=\"FR-FR\" xml:lang=\"FR-FR\" data-contrast=\"auto\"><span class=\"NormalTextRun SCXW25624849 BCX0\">Forts de notre exp\u00e9rience<\/span><span class=\"NormalTextRun SCXW25624849 BCX0\">,<\/span><span class=\"NormalTextRun SCXW25624849 BCX0\">\u00a0<\/span><span class=\"NormalTextRun SCXW25624849 BCX0\">nous offrons un\u00a0<\/span><span class=\"NormalTextRun SCXW25624849 BCX0\">accompagnement\u00a0<\/span><span class=\"NormalTextRun SCXW25624849 BCX0\">pragmatique et concret, \u00ab\u202fpour les industriels, par des industriels\u202f\u00bb.\u00a0<\/span><span class=\"NormalTextRun SCXW25624849 BCX0\">Nous conseillons les entreprises de la d\u00e9finition d\u2019une strat\u00e9gie jusqu\u2019\u00e0 l\u2019impl\u00e9mentation des op\u00e9rations, en les accompagnant dans la conduite du changement.<\/span><\/span><span class=\"EOP SCXW25624849 BCX0\" data-ccp-props=\"{&quot;201341983&quot;:0,&quot;335559740&quot;:240}\">\u00a0<\/span><\/p>\n<p><span style=\"color: #000000;\"><a class=\"btn-nav anybody-sc txt-16 w-600 uppercase\" style=\"color: #000000;\" href=\"https:\/\/www.thefutureisneutral.com\/fr\/nos-entites\/neutral-consulting\/\">En savoir plus<\/a><\/span><\/p>\n<p>&nbsp;<\/p>\n<h2><span class=\"TextRun SCXW265838579 BCX0\" lang=\"FR-FR\" xml:lang=\"FR-FR\" data-contrast=\"auto\"><span class=\"NormalTextRun SCXW265838579 BCX0\">NEUTRAL INNOVATION HUB<\/span><\/span><span class=\"EOP SCXW265838579 BCX0\" data-ccp-props=\"{&quot;201341983&quot;:0,&quot;335559740&quot;:240}\">\u00a0<\/span><\/h2>\n<p><span class=\"TextRun SCXW42972954 BCX0\" lang=\"FR-FR\" xml:lang=\"FR-FR\" data-contrast=\"none\"><span class=\"NormalTextRun SCXW42972954 BCX0\">Le Hub Innovation de The Future\u00a0<\/span><span class=\"NormalTextRun SpellingErrorV2Themed SCXW42972954 BCX0\">is<\/span><span class=\"NormalTextRun SCXW42972954 BCX0\"> NEUTRAL soutient les startups engag\u00e9es dans l\u2019\u00e9conomie circulaire et la mobilit\u00e9 durable, de l\u2019incubation au passage \u00e0 l\u2019\u00e9chelle industrielle.\u202f<\/span><\/span><\/p>\n<p><span style=\"color: #000000;\"><a class=\"btn-nav anybody-sc txt-16 w-600 uppercase\" style=\"color: #000000;\" href=\"https:\/\/www.thefutureisneutral.com\/fr\/nos-entites\/neutral-hub-innovation\/\">En savoir plus<\/a><\/span><\/p>\n                    <\/div>\n\n    <\/div>\n<\/div>\n","protected":false},"excerpt":{"rendered":"","protected":false},"author":2,"featured_media":0,"parent":0,"menu_order":0,"comment_status":"closed","ping_status":"closed","template":"","meta":{"_acf_changed":false,"footnotes":""},"class_list":["post-4597","page","type-page","status-publish","hentry"],"acf":[],"yoast_head":"<!-- This site is optimized with the Yoast SEO plugin v21.8 - https:\/\/yoast.com\/wordpress\/plugins\/seo\/ -->\n<title>Toutes nos entit\u00e9s - The Future Is Neutral<\/title>\n<meta name=\"description\" content=\"The Future\u00a0is\u00a0NEUTRAL s\u2019appuie sur l\u2019expertise compl\u00e9mentaire de ses filiales pour couvrir toute la cha\u00eene de valeur de l\u2019\u00e9conomie circulaire automobile.\u00a0\u00a0\" \/>\n<meta name=\"robots\" content=\"index, follow, max-snippet:-1, max-image-preview:large, max-video-preview:-1\" \/>\n<link rel=\"canonical\" href=\"https:\/\/www.thefutureisneutral.com\/fr\/toutes-nos-entites\/\" \/>\n<meta property=\"og:locale\" content=\"fr_FR\" \/>\n<meta property=\"og:type\" content=\"article\" \/>\n<meta property=\"og:title\" content=\"Toutes nos entit\u00e9s - The Future Is Neutral\" \/>\n<meta property=\"og:description\" content=\"The Future\u00a0is\u00a0NEUTRAL s\u2019appuie sur l\u2019expertise compl\u00e9mentaire de ses filiales pour couvrir toute la cha\u00eene de valeur de l\u2019\u00e9conomie circulaire automobile.\u00a0\u00a0\" \/>\n<meta property=\"og:url\" content=\"https:\/\/www.thefutureisneutral.com\/fr\/toutes-nos-entites\/\" \/>\n<meta property=\"og:site_name\" content=\"The Future Is Neutral\" \/>\n<meta property=\"article:modified_time\" content=\"2026-02-27T09:21:19+00:00\" \/>\n<meta name=\"twitter:card\" content=\"summary_large_image\" \/>\n<script type=\"application\/ld+json\" class=\"yoast-schema-graph\">{\"@context\":\"https:\/\/schema.org\",\"@graph\":[{\"@type\":\"WebPage\",\"@id\":\"https:\/\/www.thefutureisneutral.com\/fr\/toutes-nos-entites\/\",\"url\":\"https:\/\/www.thefutureisneutral.com\/fr\/toutes-nos-entites\/\",\"name\":\"Toutes nos entit\u00e9s - The Future Is Neutral\",\"isPartOf\":{\"@id\":\"https:\/\/www.thefutureisneutral.com\/fr\/#website\"},\"datePublished\":\"2026-01-12T14:42:25+00:00\",\"dateModified\":\"2026-02-27T09:21:19+00:00\",\"description\":\"The Future\u00a0is\u00a0NEUTRAL s\u2019appuie sur l\u2019expertise compl\u00e9mentaire de ses filiales pour couvrir toute la cha\u00eene de valeur de l\u2019\u00e9conomie circulaire automobile.\u00a0\u00a0\",\"breadcrumb\":{\"@id\":\"https:\/\/www.thefutureisneutral.com\/fr\/toutes-nos-entites\/#breadcrumb\"},\"inLanguage\":\"fr-FR\",\"potentialAction\":[{\"@type\":\"ReadAction\",\"target\":[\"https:\/\/www.thefutureisneutral.com\/fr\/toutes-nos-entites\/\"]}]},{\"@type\":\"BreadcrumbList\",\"@id\":\"https:\/\/www.thefutureisneutral.com\/fr\/toutes-nos-entites\/#breadcrumb\",\"itemListElement\":[{\"@type\":\"ListItem\",\"position\":1,\"name\":\"Home\",\"item\":\"https:\/\/www.thefutureisneutral.com\/fr\/home-page\/\"},{\"@type\":\"ListItem\",\"position\":2,\"name\":\"Toutes nos entit\u00e9s\"}]},{\"@type\":\"WebSite\",\"@id\":\"https:\/\/www.thefutureisneutral.com\/fr\/#website\",\"url\":\"https:\/\/www.thefutureisneutral.com\/fr\/\",\"name\":\"The Future Is Neutral\",\"description\":\"\",\"publisher\":{\"@id\":\"https:\/\/www.thefutureisneutral.com\/fr\/#organization\"},\"potentialAction\":[{\"@type\":\"SearchAction\",\"target\":{\"@type\":\"EntryPoint\",\"urlTemplate\":\"https:\/\/www.thefutureisneutral.com\/fr\/?s={search_term_string}\"},\"query-input\":\"required name=search_term_string\"}],\"inLanguage\":\"fr-FR\"},{\"@type\":\"Organization\",\"@id\":\"https:\/\/www.thefutureisneutral.com\/fr\/#organization\",\"name\":\"The Future Is Neutral\",\"url\":\"https:\/\/www.thefutureisneutral.com\/fr\/\",\"logo\":{\"@type\":\"ImageObject\",\"inLanguage\":\"fr-FR\",\"@id\":\"https:\/\/www.thefutureisneutral.com\/fr\/#\/schema\/logo\/image\/\",\"url\":\"https:\/\/www.thefutureisneutral.com\/app\/uploads\/2024\/02\/0fcf8d27fb4aa2a16ac64c8989c3b9a2-l.jpg.webp\",\"contentUrl\":\"https:\/\/www.thefutureisneutral.com\/app\/uploads\/2024\/02\/0fcf8d27fb4aa2a16ac64c8989c3b9a2-l.jpg.webp\",\"width\":2000,\"height\":1125,\"caption\":\"The Future Is Neutral\"},\"image\":{\"@id\":\"https:\/\/www.thefutureisneutral.com\/fr\/#\/schema\/logo\/image\/\"},\"sameAs\":[\"https:\/\/www.linkedin.com\/company\/the-future-is-neutral\/\",\"https:\/\/www.youtube.com\/channel\/UCM7Q2CTHTbycgNXfxJjky0g\"]}]}<\/script>\n<!-- \/ Yoast SEO plugin. -->","yoast_head_json":{"title":"Toutes nos entit\u00e9s - The Future Is Neutral","description":"The Future\u00a0is\u00a0NEUTRAL s\u2019appuie sur l\u2019expertise compl\u00e9mentaire de ses filiales pour couvrir toute la cha\u00eene de valeur de l\u2019\u00e9conomie circulaire automobile.\u00a0\u00a0","robots":{"index":"index","follow":"follow","max-snippet":"max-snippet:-1","max-image-preview":"max-image-preview:large","max-video-preview":"max-video-preview:-1"},"canonical":"https:\/\/www.thefutureisneutral.com\/fr\/toutes-nos-entites\/","og_locale":"fr_FR","og_type":"article","og_title":"Toutes nos entit\u00e9s - The Future Is Neutral","og_description":"The Future\u00a0is\u00a0NEUTRAL s\u2019appuie sur l\u2019expertise compl\u00e9mentaire de ses filiales pour couvrir toute la cha\u00eene de valeur de l\u2019\u00e9conomie circulaire automobile.\u00a0\u00a0","og_url":"https:\/\/www.thefutureisneutral.com\/fr\/toutes-nos-entites\/","og_site_name":"The Future Is Neutral","article_modified_time":"2026-02-27T09:21:19+00:00","twitter_card":"summary_large_image","schema":{"@context":"https:\/\/schema.org","@graph":[{"@type":"WebPage","@id":"https:\/\/www.thefutureisneutral.com\/fr\/toutes-nos-entites\/","url":"https:\/\/www.thefutureisneutral.com\/fr\/toutes-nos-entites\/","name":"Toutes nos entit\u00e9s - The Future Is Neutral","isPartOf":{"@id":"https:\/\/www.thefutureisneutral.com\/fr\/#website"},"datePublished":"2026-01-12T14:42:25+00:00","dateModified":"2026-02-27T09:21:19+00:00","description":"The Future\u00a0is\u00a0NEUTRAL s\u2019appuie sur l\u2019expertise compl\u00e9mentaire de ses filiales pour couvrir toute la cha\u00eene de valeur de l\u2019\u00e9conomie circulaire automobile.\u00a0\u00a0","breadcrumb":{"@id":"https:\/\/www.thefutureisneutral.com\/fr\/toutes-nos-entites\/#breadcrumb"},"inLanguage":"fr-FR","potentialAction":[{"@type":"ReadAction","target":["https:\/\/www.thefutureisneutral.com\/fr\/toutes-nos-entites\/"]}]},{"@type":"BreadcrumbList","@id":"https:\/\/www.thefutureisneutral.com\/fr\/toutes-nos-entites\/#breadcrumb","itemListElement":[{"@type":"ListItem","position":1,"name":"Home","item":"https:\/\/www.thefutureisneutral.com\/fr\/home-page\/"},{"@type":"ListItem","position":2,"name":"Toutes nos entit\u00e9s"}]},{"@type":"WebSite","@id":"https:\/\/www.thefutureisneutral.com\/fr\/#website","url":"https:\/\/www.thefutureisneutral.com\/fr\/","name":"The Future Is Neutral","description":"","publisher":{"@id":"https:\/\/www.thefutureisneutral.com\/fr\/#organization"},"potentialAction":[{"@type":"SearchAction","target":{"@type":"EntryPoint","urlTemplate":"https:\/\/www.thefutureisneutral.com\/fr\/?s={search_term_string}"},"query-input":"required name=search_term_string"}],"inLanguage":"fr-FR"},{"@type":"Organization","@id":"https:\/\/www.thefutureisneutral.com\/fr\/#organization","name":"The Future Is Neutral","url":"https:\/\/www.thefutureisneutral.com\/fr\/","logo":{"@type":"ImageObject","inLanguage":"fr-FR","@id":"https:\/\/www.thefutureisneutral.com\/fr\/#\/schema\/logo\/image\/","url":"https:\/\/www.thefutureisneutral.com\/app\/uploads\/2024\/02\/0fcf8d27fb4aa2a16ac64c8989c3b9a2-l.jpg.webp","contentUrl":"https:\/\/www.thefutureisneutral.com\/app\/uploads\/2024\/02\/0fcf8d27fb4aa2a16ac64c8989c3b9a2-l.jpg.webp","width":2000,"height":1125,"caption":"The Future Is Neutral"},"image":{"@id":"https:\/\/www.thefutureisneutral.com\/fr\/#\/schema\/logo\/image\/"},"sameAs":["https:\/\/www.linkedin.com\/company\/the-future-is-neutral\/","https:\/\/www.youtube.com\/channel\/UCM7Q2CTHTbycgNXfxJjky0g"]}]}},"_links":{"self":[{"href":"https:\/\/www.thefutureisneutral.com\/fr\/wp-json\/wp\/v2\/pages\/4597","targetHints":{"allow":["GET"]}}],"collection":[{"href":"https:\/\/www.thefutureisneutral.com\/fr\/wp-json\/wp\/v2\/pages"}],"about":[{"href":"https:\/\/www.thefutureisneutral.com\/fr\/wp-json\/wp\/v2\/types\/page"}],"author":[{"embeddable":true,"href":"https:\/\/www.thefutureisneutral.com\/fr\/wp-json\/wp\/v2\/users\/2"}],"replies":[{"embeddable":true,"href":"https:\/\/www.thefutureisneutral.com\/fr\/wp-json\/wp\/v2\/comments?post=4597"}],"version-history":[{"count":36,"href":"https:\/\/www.thefutureisneutral.com\/fr\/wp-json\/wp\/v2\/pages\/4597\/revisions"}],"predecessor-version":[{"id":5376,"href":"https:\/\/www.thefutureisneutral.com\/fr\/wp-json\/wp\/v2\/pages\/4597\/revisions\/5376"}],"wp:attachment":[{"href":"https:\/\/www.thefutureisneutral.com\/fr\/wp-json\/wp\/v2\/media?parent=4597"}],"curies":[{"name":"wp","href":"https:\/\/api.w.org\/{rel}","templated":true}]}}